{"id":16092,"date":"2021-08-06T11:23:19","date_gmt":"2021-08-06T09:23:19","guid":{"rendered":"https:\/\/www.saint-gery.com\/?page_id=16092"},"modified":"2026-04-29T23:04:18","modified_gmt":"2026-04-29T21:04:18","slug":"recrutement","status":"publish","type":"page","link":"https:\/\/www.saint-gery.com\/en\/recrutement\/","title":{"rendered":"Rejoignez l'\u00e9quipe de la Maison Duler"},"content":{"rendered":"<div class=\"et_pb_section_0 et_pb_section et_section_regular et_block_section\"><div class=\"et_pb_row_0 et_pb_row et_block_row\"><div class=\"et_pb_column_0 et_pb_column et_pb_column_4_4 et-last-child et_block_column et_pb_css_mix_blend_mode_passthrough\"><div class=\"et_pb_text_0 et_pb_text et_pb_bg_layout_light et_pb_module et_block_module\"><div class=\"et_pb_text_inner\"><p><span style=\"font-size: 16px;\"><strong><span style=\"font-family: Playfair Display;\">Imaginez une graine. <\/span><\/strong><\/span>Une petite graine qui, avec le temps, l'eau et le soleil, grandit pour devenir un arbre robuste. Cet arbre, c'est vous. La graine, c'est votre potentiel. L'eau et le soleil, c'est la formation et l'exp\u00e9rience que vous allez acqu\u00e9rir en rejoignant notre \u00e9quipe.<\/p>\n<p>La Maison Duler - Domaine de Saint-G\u00e9ry, fond\u00e9e par Patrick Duler en 1985, est un \u00e9cosyst\u00e8me riche et diversifi\u00e9 avec :<\/p>\n<ul>\n<li style=\"list-style-type: none;\">\n<ul>\n<li>restaurant gastronomique<\/li>\n<li>5 chambres de luxe,<\/li>\n<li>un laboratoire de fabrication de jambon et de foie gras,<\/li>\n<li>une ferme en agriculture biologique d\u00e9di\u00e9e \u00e0 la gastronomie.<\/li>\n<\/ul>\n<\/li>\n<\/ul>\n<p>Comme dans la nature, chaque \u00e9l\u00e9ment de notre \u00e9quipe a un r\u00f4le \u00e0 jouer, et c'est ensemble que nous cr\u00e9ons quelque chose de beau et de durable.<\/p>\n<p>La polyvalence est au c\u0153ur de notre philosophie. Nous croyons que comprendre diff\u00e9rents aspects de notre entreprise vous permettra de trouver un \u00e9quilibre personnel et professionnel. C'est un d\u00e9fi, certes, mais c'est aussi une opportunit\u00e9 unique d'apprendre et de se d\u00e9velopper.<\/p>\n<p>Votre parcours chez nous commencera par une p\u00e9riode de formation r\u00e9mun\u00e9r\u00e9e. Vous serez immerg\u00e9 dans notre univers, vous apprendrez nos m\u00e9thodes et notre philosophie. Cette p\u00e9riode de formation peut durer de quelques semaines \u00e0 quelques mois, selon vos besoins et votre progression.<\/p>\n<p>Voici trois raisons de nous rejoindre :<\/p>\n<ol>\n<li><strong>\u00c9panouissement personnel et professionnel :<\/strong> En travaillant avec nous, vous aurez l'occasion de d\u00e9velopper une large gamme de comp\u00e9tences et de connaissances.<\/li>\n<li><strong>Vivre en harmonie avec la nature :<\/strong> Notre domaine est entour\u00e9 de 70 hectares de nature pr\u00e9serv\u00e9e, comprenant 20 hectares de parc arbor\u00e9, 2 hectares de verger\/potager, une truffi\u00e8re de 12 hectares, 2 hectares de vignes, 2 hectares d'oliviers et 30 hectares de c\u00e9r\u00e9ales. Vous travaillerez dans un environnement sain et paisible, loin de l'agitation de la ville.<\/li>\n<li><strong>Contribuer \u00e0 une cause importante :<\/strong> En rejoignant notre \u00e9quipe, vous contribuez \u00e0 la promotion de l'agriculture biologique et de la gastronomie durable.<\/li>\n<\/ol>\n<p>Nous cherchons des personnes motiv\u00e9es, pr\u00eates \u00e0 s'engager et \u00e0 vivre \u00e0 la campagne. Si vous \u00eates sensible \u00e0 l'\u00e9cologie, si vous avez un d\u00e9sir de manger sainement et de retourner \u00e0 des valeurs plus simples et paysannes, alors vous \u00eates la personne que nous recherchons.<\/p>\n<p><!-- \/divi:paragraph --><\/p>\n<\/div><\/div><div class=\"et_pb_text_1 et_pb_text et_pb_bg_layout_light et_pb_module et_block_module\"><div class=\"et_pb_text_inner\"><h2 style=\"text-align: center;\">FAQ<\/h2>\n<\/div><\/div><div class=\"et_pb_toggle_0 et_pb_toggle et_pb_toggle_item et_pb_toggle_close et_pb_module et_block_module\"><h4 class=\"et_pb_toggle_title\">Quels sont les postes disponibles ? <\/h4><div class=\"et_pb_toggle_content clearfix\"><p>Nous recrutons r\u00e9guli\u00e8rement pour des postes polyvalents et vari\u00e9s qui touchent aux sp\u00e9cialit\u00e9s suivantes : cuisinier polyvalent \u00ab du champs \u00e0 l'assiette \u00bb, employ\u00e9 polyvalent h\u00f4tellerie, charcutier traiteur, ouvrier agricole et viticole, ma\u00e7on polyvalent, factotum : plomberie, \u00e9lectricit\u00e9, peinture, assistant(e) de direction multit\u00e2ches, stage \u00e9tudiant, ...<\/p>\n<\/div><\/div><div class=\"et_pb_toggle_1 et_pb_toggle et_pb_toggle_item et_pb_toggle_close et_pb_module et_block_module\"><h4 class=\"et_pb_toggle_title\">Quelle est la dur\u00e9e de la p\u00e9riode de formation ?<\/h4><div class=\"et_pb_toggle_content clearfix\"><p>La p\u00e9riode de formation peut durer de quelques semaines \u00e0 quelques mois, selon vos besoins et votre progression.<\/p>\n<\/div><\/div><div class=\"et_pb_toggle_2 et_pb_toggle et_pb_toggle_item et_pb_toggle_close et_pb_module et_block_module\"><h4 class=\"et_pb_toggle_title\">Quels sont les avantages de travailler \u00e0 la Maison Duler - Domaine de Saint-G\u00e9ry ?<\/h4><div class=\"et_pb_toggle_content clearfix\"><p>Outre l'\u00e9panouissement personnel et professionnel, vous aurez l'occasion de vivre en harmonie avec la nature et de contribuer \u00e0 une cause importante : la promotion de l'agriculture biologique et de la gastronomie durable.<\/p>\n<\/div><\/div><div class=\"et_pb_text_2 et_pb_text et_pb_bg_layout_light et_pb_module et_block_module\"><div class=\"et_pb_text_inner\"><p>Si vous \u00eates pr\u00eat \u00e0 vous engager dans cette aventure, n'h\u00e9sitez pas \u00e0 nous contacter. Nous serons ravis de vous accueillir dans notre \u00e9quipe.<\/p>\n<\/div><\/div><div class=\"et_pb_text_3 et_pb_text et_pb_bg_layout_light et_pb_module et_block_module\"><div class=\"et_pb_text_inner\"><h2>Merci de nous envoyer votre lettre de motivation + CV via le formulaire ci-dessous.<\/h2>\n<\/div><\/div><div class=\"et_pb_text_4 et_pb_text et_pb_bg_layout_light et_pb_module et_block_module\"><div class=\"et_pb_text_inner\"><p><em>Conform\u00e9ment au R\u00e8glement Europ\u00e9en sur la Protection des Donn\u00e9es (RGPD UE 2016\/679), vous avec un droit de consultation et de modification de vos donn\u00e9es personnelles. Pour en savoir plus : <a rel=\"noreferrer noopener\" href=\"https:\/\/www.saint-gery.com\/en\/contact\/formulaire-de-verification-des-donnees-personnelles\/\" target=\"_blank\">Personal Data Verification Form<\/a><\/em><\/p>\n<\/div><\/div><\/div><\/div><\/div>","protected":false},"excerpt":{"rendered":"","protected":false},"author":1,"featured_media":17562,"parent":0,"menu_order":3,"comment_status":"closed","ping_status":"closed","template":"","meta":{"_acf_changed":false,"_coblocks_attr":"","_coblocks_dimensions":"","_coblocks_responsive_height":"","_coblocks_accordion_ie_support":"","_et_pb_use_builder":"on","_et_pb_old_content":"<!-- wp:heading {\"align\":\"left\",\"className\":\"has-text-align-left\"} -->\n<h2 class=\"has-text-align-left\">La MAISON DULER - DOMAINE DE SAINT-GERY, fond\u00e9e par Patrick Duler en 1985, comprend :<\/h2>\n<!-- \/wp:heading -->\n\n<!-- wp:list -->\n<ul><li>Un restaurant gastronomique (ouvert le soir),<\/li><li>5 chambres de luxe (piscine d\u2019eau de source, spa, salle de fitness, \u2026),<\/li><li>Un laboratoire de fabrication de jambon et foie gras.<\/li><li>Une ferme en agriculture biologique d\u00e9di\u00e9e \u00e0 la gastronomie : le Domaine de Saint-G\u00e9ry<\/li><\/ul>\n<!-- \/wp:list -->\n\n<!-- wp:paragraph -->\n<p>Le domaine familial, en agriculture biologique certifi\u00e9e depuis 1997, est men\u00e9 selon les principes de l\u2019agro\u00e9cologie et de la permaculture. Les 1000 m\u00b2 de b\u00e2tisses du XV\u00e8me si\u00e8cle, enti\u00e8rement restaur\u00e9es, sont entour\u00e9es de 70 hectares de nature pr\u00e9serv\u00e9e comprenant :<\/p>\n<!-- \/wp:paragraph -->\n\n<!-- wp:list -->\n<ul><li>20 hectares de parc arbor\u00e9, avec lac et source<\/li><li>2 hectares de verger\/potager (100 vari\u00e9t\u00e9s de fruits et l\u00e9gumes)<\/li><li>un poulailler mobile<\/li><li>une truffi\u00e8re de 12 hectares,<\/li><li>2 hectares de vignes,<\/li><li>2 hectares d\u2019oliviers<\/li><li>30 hectares de c\u00e9r\u00e9ales (bl\u00e9, \u00e9peautre, engrain, tournesol, \u2026)<\/li><li>des ruches<\/li><li>des plantes aromatiques : lavande, sauge, romarin, thym, ...<\/li><\/ul>\n<!-- \/wp:list -->\n\n<!-- wp:paragraph -->\n<p>Nous formons une \u00e9quipe en constante \u00e9volution et nous recrutons r\u00e9guli\u00e8rement pour des postes polyvalents et vari\u00e9s qui touchent aux sp\u00e9cialit\u00e9s suivantes :<\/p>\n<!-- \/wp:paragraph -->\n\n<!-- wp:list -->\n<ul><li><strong>STAGE \u00c9TUDIANT<\/strong><\/li><li><strong><span class=\"uppercase\">Cuisinier <\/span><\/strong>polyvalent\u00a0\"du champs \u00e0 l'assiette\"<\/li><li><strong><span class=\"uppercase\">Employ\u00e9\u00a0polyvalent h\u00f4tellerie<\/span><\/strong><\/li><li><strong><span class=\"uppercase\">Charcutier traiteur<\/span><\/strong><\/li><li><span class=\"uppercase\"><strong>Ouvrier agricole et viticole<\/strong>\u00a0<\/span><\/li><li><strong><span class=\"uppercase\">Ma\u00e7on polyvalent<\/span><\/strong><\/li><li><strong><span class=\"uppercase\">Factotum\u00a0<\/span><\/strong>: plomberie, \u00e9lectricit\u00e9, peinture, ...<\/li><li><strong>ASSISTANT(E) DE DIRECTION MULTIT\u00c2CHES<\/strong><\/li><\/ul>\n<!-- \/wp:list -->\n\n<!-- wp:html -->\n<script type=\"text\/javascript\">\n    jQuery(document).ready(function(){\n        jQuery(\"#contact-form form\").attr(\"name\",\"contact\");\n    });\n\n    var pageTrackParams = {\n        buzzeeServer : 'https:\/\/ssl.ids33025.delosmail.com\/DelosBin\/Delos.dll\/ServePage',\n        PPRJ_ID : 1234633967\n     };\n\t       \n    var formTrackParams = {\n       buzzeeServer : 'https:\/\/ssl.ids33025.delosmail.com\/DelosBin\/Delos.dll\/ServePage',\n       PPRJ_ID : 1249455714,\n       formTracking : {\n          formName : 'contact',\n          customUrl : 'recrutement',\n          customEmailParam : 'your-email',\n          buzzeeFieldsAliases: {\n\t            'first-name': 'CPSN_FIRST_NAME',\n                    'last-name': 'CPSN_LAST_NAME',\n                        'et_pb_contact_telephone_0': 'CPSN_PHONE_VALUE',\n                        'menu-post-metier': 'SUJET',\n                        'your-message': 'COMMENTAIRE',\n           }\n        }\n    };\n\n    var w2l = _paq = (typeof _paq !== 'object') ? [] : _paq;\n    w2l.push(['w2l_trackPage', pageTrackParams]); \/\/ tracker la page\n    w2l.push(['w2l_trackForm', formTrackParams]);\n    \/\/ Creation dynamique de la balise script \n    var d=document, g=d.createElement('script'), s=d.getElementsByTagName('script')[0]; \n    g.type='text\/javascript'; \n    g.defer=true; g.async=true;\n    g.src='https:\/\/ssl.trk.buzzee.fr\/w2lbuzzeetracking.js';\n    s.parentNode.insertBefore(g,s);\n<\/script>\n<!-- \/wp:html -->\n\n<!-- wp:heading -->\n<h2>Merci de nous envoyer votre lettre de motivation + CV via le formulaire ci-dessous.<\/h2>\n<!-- \/wp:heading -->\n\n<!-- wp:columns -->\n<div class=\"wp-block-columns\"><!-- wp:column {\"width\":\"100%\"} -->\n<div class=\"wp-block-column\" style=\"flex-basis:100%\"><!-- wp:shortcode -->\n[contact-form-7 id=\"16096\" title=\"Recrutement\"]\n<!-- \/wp:shortcode --><\/div>\n<!-- \/wp:column --><\/div>\n<!-- \/wp:columns -->\n\n<!-- wp:paragraph -->\n<p><\/p>\n<!-- \/wp:paragraph -->\n\n<!-- wp:paragraph -->\n<p><em>Conform\u00e9ment au R\u00e8glement Europ\u00e9en sur la Protection des Donn\u00e9es (RGPD UE 2016\/679), vous avec un droit de consultation et de modification de vos donn\u00e9es personnelles. Pour en savoir plus : <a rel=\"noreferrer noopener\" href=\"https:\/\/www.saint-gery.com\/contact\/formulaire-de-verification-des-donnees-personnelles\/\" target=\"_blank\">Formulaire de v\u00e9rification des donn\u00e9es personnelles<\/a><\/em><\/p>\n<!-- \/wp:paragraph -->","_et_gb_content_width":"","footnotes":""},"class_list":["post-16092","page","type-page","status-publish","has-post-thumbnail","hentry"],"acf":[],"yoast_head":"<!-- This site is optimized with the Yoast SEO plugin v27.6 - https:\/\/yoast.com\/product\/yoast-seo-wordpress\/ -->\n<title>Rejoignez l&#039;\u00e9quipe de la Maison Duler - Maison Duler<\/title>\n<meta name=\"robots\" content=\"index, follow, max-snippet:-1, max-image-preview:large, max-video-preview:-1\" \/>\n<link rel=\"canonical\" href=\"https:\/\/www.saint-gery.com\/en\/recrutement\/\" \/>\n<meta property=\"og:locale\" content=\"en_GB\" \/>\n<meta property=\"og:type\" content=\"article\" \/>\n<meta property=\"og:title\" content=\"Rejoignez l&#039;\u00e9quipe de la Maison Duler - Maison Duler\" \/>\n<meta property=\"og:url\" content=\"https:\/\/www.saint-gery.com\/en\/recrutement\/\" \/>\n<meta property=\"og:site_name\" content=\"Maison Duler\" \/>\n<meta property=\"article:modified_time\" content=\"2026-04-29T21:04:18+00:00\" \/>\n<meta property=\"og:image\" content=\"https:\/\/www.saint-gery.com\/wp-content\/uploads\/2022\/01\/Domaine_St-Gery_HD_IMGL3505-cropped-scaled-e1683868634279.jpg\" \/>\n\t<meta property=\"og:image:width\" content=\"1500\" \/>\n\t<meta property=\"og:image:height\" content=\"588\" \/>\n\t<meta property=\"og:image:type\" content=\"image\/jpeg\" \/>\n<meta name=\"twitter:card\" content=\"summary_large_image\" \/>\n<meta name=\"twitter:label1\" content=\"Estimated reading time\" \/>\n\t<meta name=\"twitter:data1\" content=\"4 minutes\" \/>\n<script type=\"application\/ld+json\" class=\"yoast-schema-graph\">{\"@context\":\"https:\\\/\\\/schema.org\",\"@graph\":[{\"@type\":\"WebPage\",\"@id\":\"https:\\\/\\\/www.saint-gery.com\\\/recrutement\\\/\",\"url\":\"https:\\\/\\\/www.saint-gery.com\\\/recrutement\\\/\",\"name\":\"Rejoignez l'\u00e9quipe de la Maison Duler - Maison Duler\",\"isPartOf\":{\"@id\":\"https:\\\/\\\/www.saint-gery.com\\\/#website\"},\"primaryImageOfPage\":{\"@id\":\"https:\\\/\\\/www.saint-gery.com\\\/recrutement\\\/#primaryimage\"},\"image\":{\"@id\":\"https:\\\/\\\/www.saint-gery.com\\\/recrutement\\\/#primaryimage\"},\"thumbnailUrl\":\"https:\\\/\\\/www.saint-gery.com\\\/wp-content\\\/uploads\\\/2022\\\/01\\\/Domaine_St-Gery_HD_IMGL3505-cropped-scaled-e1683868634279.jpg\",\"datePublished\":\"2021-08-06T09:23:19+00:00\",\"dateModified\":\"2026-04-29T21:04:18+00:00\",\"breadcrumb\":{\"@id\":\"https:\\\/\\\/www.saint-gery.com\\\/recrutement\\\/#breadcrumb\"},\"inLanguage\":\"en-GB\",\"potentialAction\":[{\"@type\":\"ReadAction\",\"target\":[\"https:\\\/\\\/www.saint-gery.com\\\/recrutement\\\/\"]}]},{\"@type\":\"ImageObject\",\"inLanguage\":\"en-GB\",\"@id\":\"https:\\\/\\\/www.saint-gery.com\\\/recrutement\\\/#primaryimage\",\"url\":\"https:\\\/\\\/www.saint-gery.com\\\/wp-content\\\/uploads\\\/2022\\\/01\\\/Domaine_St-Gery_HD_IMGL3505-cropped-scaled-e1683868634279.jpg\",\"contentUrl\":\"https:\\\/\\\/www.saint-gery.com\\\/wp-content\\\/uploads\\\/2022\\\/01\\\/Domaine_St-Gery_HD_IMGL3505-cropped-scaled-e1683868634279.jpg\",\"width\":1500,\"height\":588},{\"@type\":\"BreadcrumbList\",\"@id\":\"https:\\\/\\\/www.saint-gery.com\\\/recrutement\\\/#breadcrumb\",\"itemListElement\":[{\"@type\":\"ListItem\",\"position\":1,\"name\":\"Accueil\",\"item\":\"https:\\\/\\\/www.saint-gery.com\\\/\"},{\"@type\":\"ListItem\",\"position\":2,\"name\":\"Rejoignez l&rsquo;\u00e9quipe de la Maison Duler\"}]},{\"@type\":\"WebSite\",\"@id\":\"https:\\\/\\\/www.saint-gery.com\\\/#website\",\"url\":\"https:\\\/\\\/www.saint-gery.com\\\/\",\"name\":\"Maison Duler\",\"description\":\"Le luxe de la simplicit\u00e9\",\"publisher\":{\"@id\":\"https:\\\/\\\/www.saint-gery.com\\\/#organization\"},\"potentialAction\":[{\"@type\":\"SearchAction\",\"target\":{\"@type\":\"EntryPoint\",\"urlTemplate\":\"https:\\\/\\\/www.saint-gery.com\\\/?s={search_term_string}\"},\"query-input\":{\"@type\":\"PropertyValueSpecification\",\"valueRequired\":true,\"valueName\":\"search_term_string\"}}],\"inLanguage\":\"en-GB\"},{\"@type\":\"Organization\",\"@id\":\"https:\\\/\\\/www.saint-gery.com\\\/#organization\",\"name\":\"Maison Duler\",\"url\":\"https:\\\/\\\/www.saint-gery.com\\\/\",\"logo\":{\"@type\":\"ImageObject\",\"inLanguage\":\"en-GB\",\"@id\":\"https:\\\/\\\/www.saint-gery.com\\\/#\\\/schema\\\/logo\\\/image\\\/\",\"url\":\"https:\\\/\\\/www.saint-gery.com\\\/wp-content\\\/uploads\\\/2022\\\/12\\\/Logo_MD_2022_simplifie_couleur-scaled.png\",\"contentUrl\":\"https:\\\/\\\/www.saint-gery.com\\\/wp-content\\\/uploads\\\/2022\\\/12\\\/Logo_MD_2022_simplifie_couleur-scaled.png\",\"width\":2560,\"height\":1276,\"caption\":\"Maison Duler\"},\"image\":{\"@id\":\"https:\\\/\\\/www.saint-gery.com\\\/#\\\/schema\\\/logo\\\/image\\\/\"}}]}<\/script>\n<!-- \/ Yoast SEO plugin. -->","yoast_head_json":{"title":"Rejoignez l'\u00e9quipe de la Maison Duler - Maison Duler","robots":{"index":"index","follow":"follow","max-snippet":"max-snippet:-1","max-image-preview":"max-image-preview:large","max-video-preview":"max-video-preview:-1"},"canonical":"https:\/\/www.saint-gery.com\/en\/recrutement\/","og_locale":"en_GB","og_type":"article","og_title":"Rejoignez l'\u00e9quipe de la Maison Duler - Maison Duler","og_url":"https:\/\/www.saint-gery.com\/en\/recrutement\/","og_site_name":"Maison Duler","article_modified_time":"2026-04-29T21:04:18+00:00","og_image":[{"width":1500,"height":588,"url":"https:\/\/www.saint-gery.com\/wp-content\/uploads\/2022\/01\/Domaine_St-Gery_HD_IMGL3505-cropped-scaled-e1683868634279.jpg","type":"image\/jpeg"}],"twitter_card":"summary_large_image","twitter_misc":{"Estimated reading time":"4 minutes"},"schema":{"@context":"https:\/\/schema.org","@graph":[{"@type":"WebPage","@id":"https:\/\/www.saint-gery.com\/recrutement\/","url":"https:\/\/www.saint-gery.com\/recrutement\/","name":"Rejoignez l'\u00e9quipe de la Maison Duler - Maison Duler","isPartOf":{"@id":"https:\/\/www.saint-gery.com\/#website"},"primaryImageOfPage":{"@id":"https:\/\/www.saint-gery.com\/recrutement\/#primaryimage"},"image":{"@id":"https:\/\/www.saint-gery.com\/recrutement\/#primaryimage"},"thumbnailUrl":"https:\/\/www.saint-gery.com\/wp-content\/uploads\/2022\/01\/Domaine_St-Gery_HD_IMGL3505-cropped-scaled-e1683868634279.jpg","datePublished":"2021-08-06T09:23:19+00:00","dateModified":"2026-04-29T21:04:18+00:00","breadcrumb":{"@id":"https:\/\/www.saint-gery.com\/recrutement\/#breadcrumb"},"inLanguage":"en-GB","potentialAction":[{"@type":"ReadAction","target":["https:\/\/www.saint-gery.com\/recrutement\/"]}]},{"@type":"ImageObject","inLanguage":"en-GB","@id":"https:\/\/www.saint-gery.com\/recrutement\/#primaryimage","url":"https:\/\/www.saint-gery.com\/wp-content\/uploads\/2022\/01\/Domaine_St-Gery_HD_IMGL3505-cropped-scaled-e1683868634279.jpg","contentUrl":"https:\/\/www.saint-gery.com\/wp-content\/uploads\/2022\/01\/Domaine_St-Gery_HD_IMGL3505-cropped-scaled-e1683868634279.jpg","width":1500,"height":588},{"@type":"BreadcrumbList","@id":"https:\/\/www.saint-gery.com\/recrutement\/#breadcrumb","itemListElement":[{"@type":"ListItem","position":1,"name":"Accueil","item":"https:\/\/www.saint-gery.com\/"},{"@type":"ListItem","position":2,"name":"Rejoignez l&rsquo;\u00e9quipe de la Maison Duler"}]},{"@type":"WebSite","@id":"https:\/\/www.saint-gery.com\/#website","url":"https:\/\/www.saint-gery.com\/","name":"Duler House","description":"The luxury of simplicity","publisher":{"@id":"https:\/\/www.saint-gery.com\/#organization"},"potentialAction":[{"@type":"SearchAction","target":{"@type":"EntryPoint","urlTemplate":"https:\/\/www.saint-gery.com\/?s={search_term_string}"},"query-input":{"@type":"PropertyValueSpecification","valueRequired":true,"valueName":"search_term_string"}}],"inLanguage":"en-GB"},{"@type":"Organization","@id":"https:\/\/www.saint-gery.com\/#organization","name":"Duler House","url":"https:\/\/www.saint-gery.com\/","logo":{"@type":"ImageObject","inLanguage":"en-GB","@id":"https:\/\/www.saint-gery.com\/#\/schema\/logo\/image\/","url":"https:\/\/www.saint-gery.com\/wp-content\/uploads\/2022\/12\/Logo_MD_2022_simplifie_couleur-scaled.png","contentUrl":"https:\/\/www.saint-gery.com\/wp-content\/uploads\/2022\/12\/Logo_MD_2022_simplifie_couleur-scaled.png","width":2560,"height":1276,"caption":"Maison Duler"},"image":{"@id":"https:\/\/www.saint-gery.com\/#\/schema\/logo\/image\/"}}]}},"_links":{"self":[{"href":"https:\/\/www.saint-gery.com\/en\/wp-json\/wp\/v2\/pages\/16092","targetHints":{"allow":["GET"]}}],"collection":[{"href":"https:\/\/www.saint-gery.com\/en\/wp-json\/wp\/v2\/pages"}],"about":[{"href":"https:\/\/www.saint-gery.com\/en\/wp-json\/wp\/v2\/types\/page"}],"author":[{"embeddable":true,"href":"https:\/\/www.saint-gery.com\/en\/wp-json\/wp\/v2\/users\/1"}],"replies":[{"embeddable":true,"href":"https:\/\/www.saint-gery.com\/en\/wp-json\/wp\/v2\/comments?post=16092"}],"version-history":[{"count":42,"href":"https:\/\/www.saint-gery.com\/en\/wp-json\/wp\/v2\/pages\/16092\/revisions"}],"predecessor-version":[{"id":46804,"href":"https:\/\/www.saint-gery.com\/en\/wp-json\/wp\/v2\/pages\/16092\/revisions\/46804"}],"wp:featuredmedia":[{"embeddable":true,"href":"https:\/\/www.saint-gery.com\/en\/wp-json\/wp\/v2\/media\/17562"}],"wp:attachment":[{"href":"https:\/\/www.saint-gery.com\/en\/wp-json\/wp\/v2\/media?parent=16092"}],"curies":[{"name":"wp","href":"https:\/\/api.w.org\/{rel}","templated":true}]}}