{"id":25589,"date":"2024-02-15T23:09:19","date_gmt":"2024-02-15T22:09:19","guid":{"rendered":"https:\/\/www.saint-gery.com\/?page_id=25589"},"modified":"2024-02-18T00:32:57","modified_gmt":"2024-02-17T23:32:57","slug":"avis-client","status":"publish","type":"page","link":"https:\/\/www.saint-gery.com\/en\/avis-client\/","title":{"rendered":"Aidez-nous \u00e0 progresser"},"content":{"rendered":"<p>Votre retour d'exp\u00e9rience est un cadeau inestimable qui nous aide \u00e0 peaufiner nos recettes et \u00e0 mieux r\u00e9pondre \u00e0 vos attentes.<br>Nous vous serions tr\u00e8s reconnaissants de prendre quelques instants pour partager vos impressions, suggestions ou remarques.<\/p>\n\n\n\n<p>Qu'il s'agisse de la qualit\u00e9 de nos produits, de leur utilisation au quotidien ou de votre exp\u00e9rience d'achat, chaque d\u00e9tail compte pour nous.<\/p>\n\n\n\n<div class=\"wp-block-divi-layout\"><div class=\"et_d4_element et_pb_section et_pb_section_0  et_pb_css_mix_blend_mode et_section_regular et_section_transparent et_block_section\" >\n\t\t\t\t\n\t\t\t\t\n\t\t\t\t\n\t\t\t\t\n\t\t\t\t\n\t\t\t\t\n\t\t\t\t<div class=\"et_d4_element et_pb_row et_pb_row_0  et_pb_css_mix_blend_mode et_block_row\">\n\t\t\t\t<div class=\"et_d4_element et_pb_column_4_4 et_pb_column et_pb_column_0  et_pb_css_mix_blend_mode et-last-child et_block_column et_pb_column_empty\">\n\t\t\t\t\n\t\t\t\t\n\t\t\t\t\n\t\t\t\t\n\t\t\t\t\n\t\t\t<\/div>\n\t\t\t\t\n\t\t\t\t\n\t\t\t\t\n\t\t\t\t\n\t\t\t<\/div>\n\t\t\t\t\n\t\t\t\t\n\t\t\t<\/div><\/div>","protected":false},"excerpt":{"rendered":"<p>Votre retour d'exp\u00e9rience est un cadeau inestimable qui nous aide \u00e0 peaufiner nos recettes et \u00e0 mieux r\u00e9pondre \u00e0 vos attentes.Nous vous serions tr\u00e8s reconnaissants de prendre quelques instants pour partager vos impressions, suggestions ou remarques. Qu'il s'agisse de la qualit\u00e9 de nos produits, de leur utilisation au quotidien ou de votre exp\u00e9rience d'achat, chaque [&hellip;]<\/p>\n","protected":false},"author":1,"featured_media":0,"parent":0,"menu_order":3,"comment_status":"closed","ping_status":"closed","template":"","meta":{"_acf_changed":false,"_coblocks_attr":"","_coblocks_dimensions":"","_coblocks_responsive_height":"","_coblocks_accordion_ie_support":"","_et_pb_use_builder":"off","_et_pb_old_content":"<!-- wp:divi\/layout -->\n<div class=\"wp-block-divi-layout\">[et_pb_section fb_built=\"1\" admin_label=\"section\" _builder_version=\"4.16\" global_colors_info=\"{}\" custom_padding=\"0px|||||\"][et_pb_row admin_label=\"row\" _builder_version=\"4.24.0\" background_size=\"initial\" background_position=\"top_left\" background_repeat=\"repeat\" hover_enabled=\"0\" global_colors_info=\"{}\" sticky_enabled=\"0\"][et_pb_column type=\"4_4\" _builder_version=\"4.24.0\" _module_preset=\"default\" global_colors_info=\"{}\"][dvppl_cf7_styler cf7=\"25588\" _builder_version=\"4.24.0\" _module_preset=\"default\" hover_enabled=\"0\" global_colors_info=\"{}\" custom_css_free_form=\"selector .th-readonly {||  pointer-events:none;||}\" sticky_enabled=\"0\"][\/dvppl_cf7_styler][\/et_pb_column][\/et_pb_row][\/et_pb_section]<\/div>\n<!-- \/wp:divi\/layout -->","_et_gb_content_width":"","footnotes":""},"class_list":["post-25589","page","type-page","status-publish","hentry"],"acf":[],"yoast_head":"<!-- This site is optimized with the Yoast SEO plugin v27.6 - https:\/\/yoast.com\/product\/yoast-seo-wordpress\/ -->\n<title>Aidez-nous \u00e0 progresser - Maison Duler<\/title>\n<meta name=\"robots\" content=\"index, follow, max-snippet:-1, max-image-preview:large, max-video-preview:-1\" \/>\n<link rel=\"canonical\" href=\"https:\/\/www.saint-gery.com\/en\/avis-client\/\" \/>\n<meta property=\"og:locale\" content=\"en_GB\" \/>\n<meta property=\"og:type\" content=\"article\" \/>\n<meta property=\"og:title\" content=\"Aidez-nous \u00e0 progresser - Maison Duler\" \/>\n<meta property=\"og:description\" content=\"Votre retour d&#039;exp\u00e9rience est un cadeau inestimable qui nous aide \u00e0 peaufiner nos recettes et \u00e0 mieux r\u00e9pondre \u00e0 vos attentes.Nous vous serions tr\u00e8s reconnaissants de prendre quelques instants pour partager vos impressions, suggestions ou remarques. Qu&#039;il s&#039;agisse de la qualit\u00e9 de nos produits, de leur utilisation au quotidien ou de votre exp\u00e9rience d&#039;achat, chaque [&hellip;]\" \/>\n<meta property=\"og:url\" content=\"https:\/\/www.saint-gery.com\/en\/avis-client\/\" \/>\n<meta property=\"og:site_name\" content=\"Maison Duler\" \/>\n<meta property=\"article:modified_time\" content=\"2024-02-17T23:32:57+00:00\" \/>\n<meta name=\"twitter:card\" content=\"summary_large_image\" \/>\n<meta name=\"twitter:label1\" content=\"Estimated reading time\" \/>\n\t<meta name=\"twitter:data1\" content=\"1 minute\" \/>\n<script type=\"application\/ld+json\" class=\"yoast-schema-graph\">{\"@context\":\"https:\\\/\\\/schema.org\",\"@graph\":[{\"@type\":\"WebPage\",\"@id\":\"https:\\\/\\\/www.saint-gery.com\\\/avis-client\\\/\",\"url\":\"https:\\\/\\\/www.saint-gery.com\\\/avis-client\\\/\",\"name\":\"Aidez-nous \u00e0 progresser - Maison Duler\",\"isPartOf\":{\"@id\":\"https:\\\/\\\/www.saint-gery.com\\\/#website\"},\"datePublished\":\"2024-02-15T22:09:19+00:00\",\"dateModified\":\"2024-02-17T23:32:57+00:00\",\"breadcrumb\":{\"@id\":\"https:\\\/\\\/www.saint-gery.com\\\/avis-client\\\/#breadcrumb\"},\"inLanguage\":\"en-GB\",\"potentialAction\":[{\"@type\":\"ReadAction\",\"target\":[\"https:\\\/\\\/www.saint-gery.com\\\/avis-client\\\/\"]}]},{\"@type\":\"BreadcrumbList\",\"@id\":\"https:\\\/\\\/www.saint-gery.com\\\/avis-client\\\/#breadcrumb\",\"itemListElement\":[{\"@type\":\"ListItem\",\"position\":1,\"name\":\"Accueil\",\"item\":\"https:\\\/\\\/www.saint-gery.com\\\/\"},{\"@type\":\"ListItem\",\"position\":2,\"name\":\"Aidez-nous \u00e0 progresser\"}]},{\"@type\":\"WebSite\",\"@id\":\"https:\\\/\\\/www.saint-gery.com\\\/#website\",\"url\":\"https:\\\/\\\/www.saint-gery.com\\\/\",\"name\":\"Maison Duler\",\"description\":\"Le luxe de la simplicit\u00e9\",\"publisher\":{\"@id\":\"https:\\\/\\\/www.saint-gery.com\\\/#organization\"},\"potentialAction\":[{\"@type\":\"SearchAction\",\"target\":{\"@type\":\"EntryPoint\",\"urlTemplate\":\"https:\\\/\\\/www.saint-gery.com\\\/?s={search_term_string}\"},\"query-input\":{\"@type\":\"PropertyValueSpecification\",\"valueRequired\":true,\"valueName\":\"search_term_string\"}}],\"inLanguage\":\"en-GB\"},{\"@type\":\"Organization\",\"@id\":\"https:\\\/\\\/www.saint-gery.com\\\/#organization\",\"name\":\"Maison Duler\",\"url\":\"https:\\\/\\\/www.saint-gery.com\\\/\",\"logo\":{\"@type\":\"ImageObject\",\"inLanguage\":\"en-GB\",\"@id\":\"https:\\\/\\\/www.saint-gery.com\\\/#\\\/schema\\\/logo\\\/image\\\/\",\"url\":\"https:\\\/\\\/www.saint-gery.com\\\/wp-content\\\/uploads\\\/2022\\\/12\\\/Logo_MD_2022_simplifie_couleur-scaled.png\",\"contentUrl\":\"https:\\\/\\\/www.saint-gery.com\\\/wp-content\\\/uploads\\\/2022\\\/12\\\/Logo_MD_2022_simplifie_couleur-scaled.png\",\"width\":2560,\"height\":1276,\"caption\":\"Maison Duler\"},\"image\":{\"@id\":\"https:\\\/\\\/www.saint-gery.com\\\/#\\\/schema\\\/logo\\\/image\\\/\"}}]}<\/script>\n<!-- \/ Yoast SEO plugin. -->","yoast_head_json":{"title":"Aidez-nous \u00e0 progresser - Maison Duler","robots":{"index":"index","follow":"follow","max-snippet":"max-snippet:-1","max-image-preview":"max-image-preview:large","max-video-preview":"max-video-preview:-1"},"canonical":"https:\/\/www.saint-gery.com\/en\/avis-client\/","og_locale":"en_GB","og_type":"article","og_title":"Aidez-nous \u00e0 progresser - Maison Duler","og_description":"Votre retour d'exp\u00e9rience est un cadeau inestimable qui nous aide \u00e0 peaufiner nos recettes et \u00e0 mieux r\u00e9pondre \u00e0 vos attentes.Nous vous serions tr\u00e8s reconnaissants de prendre quelques instants pour partager vos impressions, suggestions ou remarques. Qu'il s'agisse de la qualit\u00e9 de nos produits, de leur utilisation au quotidien ou de votre exp\u00e9rience d'achat, chaque [&hellip;]","og_url":"https:\/\/www.saint-gery.com\/en\/avis-client\/","og_site_name":"Maison Duler","article_modified_time":"2024-02-17T23:32:57+00:00","twitter_card":"summary_large_image","twitter_misc":{"Estimated reading time":"1 minute"},"schema":{"@context":"https:\/\/schema.org","@graph":[{"@type":"WebPage","@id":"https:\/\/www.saint-gery.com\/avis-client\/","url":"https:\/\/www.saint-gery.com\/avis-client\/","name":"Aidez-nous \u00e0 progresser - Maison Duler","isPartOf":{"@id":"https:\/\/www.saint-gery.com\/#website"},"datePublished":"2024-02-15T22:09:19+00:00","dateModified":"2024-02-17T23:32:57+00:00","breadcrumb":{"@id":"https:\/\/www.saint-gery.com\/avis-client\/#breadcrumb"},"inLanguage":"en-GB","potentialAction":[{"@type":"ReadAction","target":["https:\/\/www.saint-gery.com\/avis-client\/"]}]},{"@type":"BreadcrumbList","@id":"https:\/\/www.saint-gery.com\/avis-client\/#breadcrumb","itemListElement":[{"@type":"ListItem","position":1,"name":"Accueil","item":"https:\/\/www.saint-gery.com\/"},{"@type":"ListItem","position":2,"name":"Aidez-nous \u00e0 progresser"}]},{"@type":"WebSite","@id":"https:\/\/www.saint-gery.com\/#website","url":"https:\/\/www.saint-gery.com\/","name":"Duler House","description":"The luxury of simplicity","publisher":{"@id":"https:\/\/www.saint-gery.com\/#organization"},"potentialAction":[{"@type":"SearchAction","target":{"@type":"EntryPoint","urlTemplate":"https:\/\/www.saint-gery.com\/?s={search_term_string}"},"query-input":{"@type":"PropertyValueSpecification","valueRequired":true,"valueName":"search_term_string"}}],"inLanguage":"en-GB"},{"@type":"Organization","@id":"https:\/\/www.saint-gery.com\/#organization","name":"Duler House","url":"https:\/\/www.saint-gery.com\/","logo":{"@type":"ImageObject","inLanguage":"en-GB","@id":"https:\/\/www.saint-gery.com\/#\/schema\/logo\/image\/","url":"https:\/\/www.saint-gery.com\/wp-content\/uploads\/2022\/12\/Logo_MD_2022_simplifie_couleur-scaled.png","contentUrl":"https:\/\/www.saint-gery.com\/wp-content\/uploads\/2022\/12\/Logo_MD_2022_simplifie_couleur-scaled.png","width":2560,"height":1276,"caption":"Maison Duler"},"image":{"@id":"https:\/\/www.saint-gery.com\/#\/schema\/logo\/image\/"}}]}},"_links":{"self":[{"href":"https:\/\/www.saint-gery.com\/en\/wp-json\/wp\/v2\/pages\/25589","targetHints":{"allow":["GET"]}}],"collection":[{"href":"https:\/\/www.saint-gery.com\/en\/wp-json\/wp\/v2\/pages"}],"about":[{"href":"https:\/\/www.saint-gery.com\/en\/wp-json\/wp\/v2\/types\/page"}],"author":[{"embeddable":true,"href":"https:\/\/www.saint-gery.com\/en\/wp-json\/wp\/v2\/users\/1"}],"replies":[{"embeddable":true,"href":"https:\/\/www.saint-gery.com\/en\/wp-json\/wp\/v2\/comments?post=25589"}],"version-history":[{"count":11,"href":"https:\/\/www.saint-gery.com\/en\/wp-json\/wp\/v2\/pages\/25589\/revisions"}],"predecessor-version":[{"id":25690,"href":"https:\/\/www.saint-gery.com\/en\/wp-json\/wp\/v2\/pages\/25589\/revisions\/25690"}],"wp:attachment":[{"href":"https:\/\/www.saint-gery.com\/en\/wp-json\/wp\/v2\/media?parent=25589"}],"curies":[{"name":"wp","href":"https:\/\/api.w.org\/{rel}","templated":true}]}}